{"id":2,"date":"2007-07-21T20:05:27","date_gmt":"2007-07-21T18:05:27","guid":{"rendered":""},"modified":"2024-10-16T21:57:40","modified_gmt":"2024-10-16T19:57:40","slug":"contact","status":"publish","type":"page","link":"https:\/\/kopperhead.de\/cms\/contact\/","title":{"rendered":"Contact"},"content":{"rendered":"<br \/>\n<h3>Kopperhead Photography<\/h3>\n<p>Katja Ostermeyer<br \/>\nWielandstra\u00dfe 42H<br \/>\n60318 Frankfurt am Main<\/p>\n<p>Email: <a href=\"mailto:kopperhead@gmx.de\">kopperhead@gmx.de<\/a><\/p>\n<p>Inhaltlich verantwortlich gem\u00e4\u00df \u00a7 55 Abs. 2 RStV: Katja Ostermeyer (Anschrift wie oben)<\/p>\n<p class=\"small\">Kopperhead-Logo-Illustration, Webdesign und Codebeschw\u00f6rung im Webseitenkeller: <a href=\"http:\/\/www.wondertom.de\/\">Tom Arnold<\/a><\/p>\n","protected":false},"excerpt":{"rendered":"<p> \tKopperhead Photography Katja Ostermeyer Wielandstra\u00dfe 42H 60318 Frankfurt am Main Email: kopperhead@gmx.de Inhaltlich verantwortlich gem\u00e4\u00df \u00a7 55 Abs. 2 RStV: Katja Ostermeyer (Anschrift wie oben) Kopperhead-Logo-Illustration, Webdesign und Codebeschw\u00f6rung im Webseitenkeller: Tom Arnold<\/p>\n","protected":false},"author":2,"featured_media":0,"parent":0,"menu_order":70,"comment_status":"closed","ping_status":"closed","template":"","meta":[],"_links":{"self":[{"href":"https:\/\/kopperhead.de\/cms\/wp-json\/wp\/v2\/pages\/2"}],"collection":[{"href":"https:\/\/kopperhead.de\/cms\/wp-json\/wp\/v2\/pages"}],"about":[{"href":"https:\/\/kopperhead.de\/cms\/wp-json\/wp\/v2\/types\/page"}],"author":[{"embeddable":true,"href":"https:\/\/kopperhead.de\/cms\/wp-json\/wp\/v2\/users\/2"}],"replies":[{"embeddable":true,"href":"https:\/\/kopperhead.de\/cms\/wp-json\/wp\/v2\/comments?post=2"}],"version-history":[{"count":13,"href":"https:\/\/kopperhead.de\/cms\/wp-json\/wp\/v2\/pages\/2\/revisions"}],"predecessor-version":[{"id":327,"href":"https:\/\/kopperhead.de\/cms\/wp-json\/wp\/v2\/pages\/2\/revisions\/327"}],"wp:attachment":[{"href":"https:\/\/kopperhead.de\/cms\/wp-json\/wp\/v2\/media?parent=2"}],"curies":[{"name":"wp","href":"https:\/\/api.w.org\/{rel}","templated":true}]}}